{"id":2,"date":"2021-06-21T07:07:29","date_gmt":"2021-06-21T05:07:29","guid":{"rendered":"http:\/\/cdo.nc\/sites\/amigo\/?page_id=2"},"modified":"2024-08-19T14:53:56","modified_gmt":"2024-08-19T03:53:56","slug":"accueil","status":"publish","type":"page","link":"https:\/\/www.sic.nc\/logement\/les-villas-de-dumbea\/","title":{"rendered":"Accueil"},"content":{"rendered":"\n<div class=\"wpcf7 no-js\" id=\"wpcf7-f5-o1\" lang=\"fr-FR\" dir=\"ltr\" data-wpcf7-id=\"5\">\n<div class=\"screen-reader-response\"><p role=\"status\" aria-live=\"polite\" aria-atomic=\"true\"><\/p> <ul><\/ul><\/div>\n<form action=\"\/logement\/les-villas-de-dumbea\/wp-json\/wp\/v2\/pages\/2#wpcf7-f5-o1\" method=\"post\" class=\"wpcf7-form init\" aria-label=\"Formulaire de contact\" novalidate=\"novalidate\" data-status=\"init\">\n<fieldset class=\"hidden-fields-container\"><input type=\"hidden\" name=\"_wpcf7\" value=\"5\" \/><input type=\"hidden\" name=\"_wpcf7_version\" value=\"6.1.5\" \/><input type=\"hidden\" name=\"_wpcf7_locale\" value=\"fr_FR\" \/><input type=\"hidden\" name=\"_wpcf7_unit_tag\" value=\"wpcf7-f5-o1\" \/><input type=\"hidden\" name=\"_wpcf7_container_post\" value=\"0\" \/><input type=\"hidden\" name=\"_wpcf7_posted_data_hash\" value=\"\" \/>\n<\/fieldset>\n<div>\n\t<p><span class=\"wpcf7-form-control-wrap\" data-name=\"your-name\"><input size=\"40\" maxlength=\"400\" class=\"wpcf7-form-control wpcf7-text wpcf7-validates-as-required\" aria-required=\"true\" aria-invalid=\"false\" placeholder=\"Nom*\" value=\"\" type=\"text\" name=\"your-name\" \/><\/span>\n\t<\/p>\n<\/div>\n<div>\n\t<p><span class=\"wpcf7-form-control-wrap\" data-name=\"your-firstname\"><input size=\"40\" maxlength=\"400\" class=\"wpcf7-form-control wpcf7-text wpcf7-validates-as-required\" aria-required=\"true\" aria-invalid=\"false\" placeholder=\"Pr\u00e9nom*\" value=\"\" type=\"text\" name=\"your-firstname\" \/><\/span>\n\t<\/p>\n<\/div>\n<div>\n\t<p><span class=\"wpcf7-form-control-wrap\" data-name=\"your-tel\"><input size=\"40\" maxlength=\"400\" class=\"wpcf7-form-control wpcf7-tel wpcf7-validates-as-required wpcf7-text wpcf7-validates-as-tel\" aria-required=\"true\" aria-invalid=\"false\" placeholder=\"T\u00e9l\u00e9phone*\" value=\"\" type=\"tel\" name=\"your-tel\" \/><\/span>\n\t<\/p>\n<\/div>\n<div>\n\t<p><span class=\"wpcf7-form-control-wrap\" data-name=\"your-email\"><input size=\"40\" maxlength=\"400\" class=\"wpcf7-form-control wpcf7-email wpcf7-validates-as-required wpcf7-text wpcf7-validates-as-email\" aria-required=\"true\" aria-invalid=\"false\" placeholder=\"E-mail*\" value=\"\" type=\"email\" name=\"your-email\" \/><\/span>\n\t<\/p>\n<\/div>\n<div>\n\t<p><label>Typologie*<\/label><span class=\"wpcf7-form-control-wrap\" data-name=\"your-type\"><span class=\"wpcf7-form-control wpcf7-checkbox wpcf7-validates-as-required\"><span class=\"wpcf7-list-item first\"><label><input type=\"checkbox\" name=\"your-type[]\" value=\"T4\" \/><span class=\"wpcf7-list-item-label\">T4<\/span><\/label><\/span><span class=\"wpcf7-list-item last\"><label><input type=\"checkbox\" name=\"your-type[]\" value=\"T5\" \/><span class=\"wpcf7-list-item-label\">T5<\/span><\/label><\/span><\/span><\/span>\n\t<\/p>\n<\/div>\n<hr \/>\n<div>\n\t<p><span class=\"wpcf7-form-control-wrap\" data-name=\"checkbox-conditions\"><span class=\"wpcf7-form-control wpcf7-checkbox wpcf7-validates-as-required\"><span class=\"wpcf7-list-item first last\"><label><input type=\"checkbox\" name=\"checkbox-conditions[]\" value=\"J&#039;accepte les mentions l\u00e9gales et politique de confidentialit\u00e9*\" \/><span class=\"wpcf7-list-item-label\">J&#039;accepte les mentions l\u00e9gales et politique de confidentialit\u00e9*<\/span><\/label><\/span><\/span><\/span><a style=\"font-size:10px;margin-bottom:20px;display:block\" target=\"_blank\" href=\"http:\/\/www.sic.nc\/mentions-legales\/\">Mentions l\u00e9gales et politique de confidentialit\u00e9<\/a>\n\t<\/p>\n<\/div>\n<!--[mailpoetsignup mailpoetsignup-541 list:3 \"J\u2019accepte de recevoir des informations et des offres commerciales de la SIC en relation avec ses produits et services, ses offres promotionnelles, ses actualit\u00e9s, et ses \u00e9v\u00e8nements, par voie \u00e9lectronique\"]-->\n<hr \/>\n<p><span id=\"wpcf7-69e17e8672f01-wrapper\" class=\"wpcf7-form-control-wrap honeypot-793-wrap\" style=\"display:none !important; visibility:hidden !important;\"><label for=\"wpcf7-69e17e8672f01-field\" class=\"hp-message\">Veuillez laisser ce champ vide.<\/label><input id=\"wpcf7-69e17e8672f01-field\"  class=\"wpcf7-form-control wpcf7-text\" type=\"text\" name=\"honeypot-793\" value=\"\" size=\"40\" tabindex=\"-1\" autocomplete=\"new-password\" \/><\/span><br \/>\n<input class=\"wpcf7-form-control wpcf7-submit has-spinner\" type=\"submit\" value=\"Envoyer\" \/>\n<\/p>\n<p><i><sup>*<\/sup>Champs obligatoires<\/i>\n<\/p><p style=\"display: none !important;\" class=\"akismet-fields-container\" data-prefix=\"_wpcf7_ak_\"><label>&#916;<textarea name=\"_wpcf7_ak_hp_textarea\" cols=\"45\" rows=\"8\" maxlength=\"100\"><\/textarea><\/label><input type=\"hidden\" id=\"ak_js_1\" name=\"_wpcf7_ak_js\" value=\"248\"\/><script>document.getElementById( \"ak_js_1\" ).setAttribute( \"value\", ( new Date() ).getTime() );<\/script><\/p><input type='hidden' class='wpcf7-pum' value='{\"closepopup\":false,\"closedelay\":0,\"openpopup\":false,\"openpopup_id\":0}' \/><div class=\"wpcf7-response-output\" aria-hidden=\"true\"><\/div>\n<\/form>\n<\/div>\n\r\n","protected":false},"excerpt":{"rendered":"","protected":false},"author":2,"featured_media":0,"parent":0,"menu_order":0,"comment_status":"closed","ping_status":"closed","template":"","meta":{"_acf_changed":false,"inline_featured_image":false,"footnotes":""},"class_list":["post-2","page","type-page","status-publish","hentry"],"acf":[],"_links":{"self":[{"href":"https:\/\/www.sic.nc\/logement\/les-villas-de-dumbea\/wp-json\/wp\/v2\/pages\/2","targetHints":{"allow":["GET"]}}],"collection":[{"href":"https:\/\/www.sic.nc\/logement\/les-villas-de-dumbea\/wp-json\/wp\/v2\/pages"}],"about":[{"href":"https:\/\/www.sic.nc\/logement\/les-villas-de-dumbea\/wp-json\/wp\/v2\/types\/page"}],"author":[{"embeddable":true,"href":"https:\/\/www.sic.nc\/logement\/les-villas-de-dumbea\/wp-json\/wp\/v2\/users\/2"}],"replies":[{"embeddable":true,"href":"https:\/\/www.sic.nc\/logement\/les-villas-de-dumbea\/wp-json\/wp\/v2\/comments?post=2"}],"version-history":[{"count":36,"href":"https:\/\/www.sic.nc\/logement\/les-villas-de-dumbea\/wp-json\/wp\/v2\/pages\/2\/revisions"}],"predecessor-version":[{"id":165,"href":"https:\/\/www.sic.nc\/logement\/les-villas-de-dumbea\/wp-json\/wp\/v2\/pages\/2\/revisions\/165"}],"wp:attachment":[{"href":"https:\/\/www.sic.nc\/logement\/les-villas-de-dumbea\/wp-json\/wp\/v2\/media?parent=2"}],"curies":[{"name":"wp","href":"https:\/\/api.w.org\/{rel}","templated":true}]}}